{"id":5831,"date":"2025-04-18T10:30:07","date_gmt":"2025-04-18T16:30:07","guid":{"rendered":"https:\/\/www.uniclea.com\/admon-salud\/?page_id=2461"},"modified":"2025-08-21T13:18:13","modified_gmt":"2025-08-21T19:18:13","slug":"certificado-de-profesionalizacion-en-farmacologia-para-personal-de-enfermeria","status":"publish","type":"page","link":"https:\/\/www.uniclea.com\/centro-de-salud-cuidados\/programas\/certificado-de-profesionalizacion-en-farmacologia-para-personal-de-enfermeria\/","title":{"rendered":"Certificado de profesionalizaci\u00f3n en farmacolog\u00eda para personal de enfermer\u00eda"},"content":{"rendered":"","protected":false},"excerpt":{"rendered":"","protected":false},"author":1,"featured_media":0,"parent":2388,"menu_order":0,"comment_status":"closed","ping_status":"closed","template":"","meta":{"footnotes":""},"class_list":["post-5831","page","type-page","status-publish","hentry"],"_links":{"self":[{"href":"https:\/\/www.uniclea.com\/centro-de-salud-cuidados\/wp-json\/wp\/v2\/pages\/5831","targetHints":{"allow":["GET"]}}],"collection":[{"href":"https:\/\/www.uniclea.com\/centro-de-salud-cuidados\/wp-json\/wp\/v2\/pages"}],"about":[{"href":"https:\/\/www.uniclea.com\/centro-de-salud-cuidados\/wp-json\/wp\/v2\/types\/page"}],"author":[{"embeddable":true,"href":"https:\/\/www.uniclea.com\/centro-de-salud-cuidados\/wp-json\/wp\/v2\/users\/1"}],"replies":[{"embeddable":true,"href":"https:\/\/www.uniclea.com\/centro-de-salud-cuidados\/wp-json\/wp\/v2\/comments?post=5831"}],"version-history":[{"count":2,"href":"https:\/\/www.uniclea.com\/centro-de-salud-cuidados\/wp-json\/wp\/v2\/pages\/5831\/revisions"}],"predecessor-version":[{"id":6115,"href":"https:\/\/www.uniclea.com\/centro-de-salud-cuidados\/wp-json\/wp\/v2\/pages\/5831\/revisions\/6115"}],"up":[{"embeddable":true,"href":"https:\/\/www.uniclea.com\/centro-de-salud-cuidados\/wp-json\/wp\/v2\/pages\/2388"}],"wp:attachment":[{"href":"https:\/\/www.uniclea.com\/centro-de-salud-cuidados\/wp-json\/wp\/v2\/media?parent=5831"}],"curies":[{"name":"wp","href":"https:\/\/api.w.org\/{rel}","templated":true}]}}