{"id":5830,"date":"2025-04-18T10:30:08","date_gmt":"2025-04-18T16:30:08","guid":{"rendered":"https:\/\/www.uniclea.com\/admon-salud\/?page_id=2455"},"modified":"2025-08-21T13:19:05","modified_gmt":"2025-08-21T19:19:05","slug":"certificado-de-profesionalizacion-en-revision-de-farmacologia-para-odontologos","status":"publish","type":"page","link":"https:\/\/www.uniclea.com\/centro-de-salud-cuidados\/programas\/certificado-de-profesionalizacion-en-revision-de-farmacologia-para-odontologos\/","title":{"rendered":"Certificado de profesionalizaci\u00f3n en Revisi\u00f3n de farmacolog\u00eda para odont\u00f3logos"},"content":{"rendered":"","protected":false},"excerpt":{"rendered":"","protected":false},"author":1,"featured_media":0,"parent":2388,"menu_order":0,"comment_status":"closed","ping_status":"closed","template":"","meta":{"footnotes":""},"class_list":["post-5830","page","type-page","status-publish","hentry"],"_links":{"self":[{"href":"https:\/\/www.uniclea.com\/centro-de-salud-cuidados\/wp-json\/wp\/v2\/pages\/5830","targetHints":{"allow":["GET"]}}],"collection":[{"href":"https:\/\/www.uniclea.com\/centro-de-salud-cuidados\/wp-json\/wp\/v2\/pages"}],"about":[{"href":"https:\/\/www.uniclea.com\/centro-de-salud-cuidados\/wp-json\/wp\/v2\/types\/page"}],"author":[{"embeddable":true,"href":"https:\/\/www.uniclea.com\/centro-de-salud-cuidados\/wp-json\/wp\/v2\/users\/1"}],"replies":[{"embeddable":true,"href":"https:\/\/www.uniclea.com\/centro-de-salud-cuidados\/wp-json\/wp\/v2\/comments?post=5830"}],"version-history":[{"count":2,"href":"https:\/\/www.uniclea.com\/centro-de-salud-cuidados\/wp-json\/wp\/v2\/pages\/5830\/revisions"}],"predecessor-version":[{"id":6116,"href":"https:\/\/www.uniclea.com\/centro-de-salud-cuidados\/wp-json\/wp\/v2\/pages\/5830\/revisions\/6116"}],"up":[{"embeddable":true,"href":"https:\/\/www.uniclea.com\/centro-de-salud-cuidados\/wp-json\/wp\/v2\/pages\/2388"}],"wp:attachment":[{"href":"https:\/\/www.uniclea.com\/centro-de-salud-cuidados\/wp-json\/wp\/v2\/media?parent=5830"}],"curies":[{"name":"wp","href":"https:\/\/api.w.org\/{rel}","templated":true}]}}